{"id":203,"date":"2015-06-12T17:44:53","date_gmt":"2015-06-12T08:44:53","guid":{"rendered":"http:\/\/travelsun.jp\/voyages-japon\/?page_id=203"},"modified":"2015-07-10T19:13:47","modified_gmt":"2015-07-10T10:13:47","slug":"tokyo-3","status":"publish","type":"page","link":"https:\/\/travelsun.jp\/voyages-japon\/?page_id=203","title":{"rendered":"Tokyo"},"content":{"rendered":"<p>En japonais,\u00a0le nom de la ville s&#8217;\u00e9crit\u00a0\u6771\u4eac<\/p>\n<p style=\"text-align: justify;\"><strong>Tokyo<\/strong> est la capitale et l\u2019une des 47 pr\u00e9fectures du Japon. En effet, elle est la plus grande ville du Japon avec plus de 13 millions d\u2019habitants.<\/p>\n<p style=\"text-align: justify;\">Elle se situe sur la c\u00f4te de l\u2019 &#8216;\u00eele principale de l\u2019archipel Japonais \u00ab\u00a0Honshu\u00a0\u00bb.<\/p>\n<p style=\"text-align: justify;\">Le palais imp\u00e9rial se situant \u00e0 Tokyo, est actuellement la r\u00e9sidence de l&#8217;empereur ainsi que sa famille. Mais en r\u00e9alit\u00e9, vous ne pouvez pas voir grand-chose du palais, vu que l\u2019acc\u00e8s est interdit au public. N\u00e9anmoins, 2 jours par an sont organis\u00e9s pour une visite de la cour du palais.<\/p>\n<p><a onclick=\"javascript:pageTracker._trackPageview('\/downloads\/voyages-japon\/wp-content\/uploads\/2015\/06\/Tokyo-Imperial-Palace.jpg');\"  href=\"https:\/\/travelsun.jp\/voyages-japon\/wp-content\/uploads\/2015\/06\/Tokyo-Imperial-Palace.jpg\"><img loading=\"lazy\" decoding=\"async\" class=\" size-medium wp-image-185 aligncenter\" src=\"https:\/\/travelsun.jp\/voyages-japon\/wp-content\/uploads\/2015\/06\/Tokyo-Imperial-Palace-300x200.jpg\" alt=\"Tokyo Imperial Palace\" width=\"300\" height=\"200\" srcset=\"https:\/\/travelsun.jp\/voyages-japon\/wp-content\/uploads\/2015\/06\/Tokyo-Imperial-Palace-300x200.jpg 300w, https:\/\/travelsun.jp\/voyages-japon\/wp-content\/uploads\/2015\/06\/Tokyo-Imperial-Palace.jpg 500w\" sizes=\"auto, (max-width: 300px) 100vw, 300px\" \/><\/a><\/p>\n<p style=\"text-align: justify;\">En visitant Tokyo, vous auriez l\u2019impression que vous \u00eates dans un autre monde, avec ses tours et ses b\u00e2timents ultra modernes et ses gigantesques enseignes lumineuses. On pourra m\u00eame passer deux semaines enti\u00e8res et on se sent qu\u2019on n\u2019a pas fini de faire le tour.<\/p>\n<p style=\"text-align: justify;\">Ce capital est une ville multi-facette, du fait que chacun de ses quartiers poss\u00e8de son propre atmosph\u00e8re. Par exemple, l\u2019atmosph\u00e8re traditionnelle d\u2019<strong>Asakusa<\/strong> (\u6d45\u8349)\u00a0; <strong>Shinjiku<\/strong> (\u65b0\u5bbf) avec ses bruyants quartiers de plaisir et l\u2019\u00e9l\u00e9gance de <strong>Ginza<\/strong> (\u9280\u5ea7)\u2026<\/p>\n<p><a onclick=\"javascript:pageTracker._trackPageview('\/downloads\/voyages-japon\/wp-content\/uploads\/2015\/06\/Sensoji-Asakusa.jpg');\"  href=\"https:\/\/travelsun.jp\/voyages-japon\/wp-content\/uploads\/2015\/06\/Sensoji-Asakusa.jpg\"><img loading=\"lazy\" decoding=\"async\" class=\" size-medium wp-image-187 aligncenter\" src=\"https:\/\/travelsun.jp\/voyages-japon\/wp-content\/uploads\/2015\/06\/Sensoji-Asakusa-300x200.jpg\" alt=\"Sensoji-Asakusa\" width=\"300\" height=\"200\" srcset=\"https:\/\/travelsun.jp\/voyages-japon\/wp-content\/uploads\/2015\/06\/Sensoji-Asakusa-300x200.jpg 300w, https:\/\/travelsun.jp\/voyages-japon\/wp-content\/uploads\/2015\/06\/Sensoji-Asakusa.jpg 500w\" sizes=\"auto, (max-width: 300px) 100vw, 300px\" \/><\/a><\/p>\n<p><a onclick=\"javascript:pageTracker._trackPageview('\/downloads\/voyages-japon\/wp-content\/uploads\/2015\/06\/Shinjiku.jpg');\"  href=\"https:\/\/travelsun.jp\/voyages-japon\/wp-content\/uploads\/2015\/06\/Shinjiku.jpg\"><img loading=\"lazy\" decoding=\"async\" class=\" size-medium wp-image-188 aligncenter\" src=\"https:\/\/travelsun.jp\/voyages-japon\/wp-content\/uploads\/2015\/06\/Shinjiku-300x202.jpg\" alt=\"Shinjiku\" width=\"300\" height=\"202\" srcset=\"https:\/\/travelsun.jp\/voyages-japon\/wp-content\/uploads\/2015\/06\/Shinjiku-300x202.jpg 300w, https:\/\/travelsun.jp\/voyages-japon\/wp-content\/uploads\/2015\/06\/Shinjiku.jpg 500w\" sizes=\"auto, (max-width: 300px) 100vw, 300px\" \/><\/a><\/p>\n<p style=\"text-align: justify;\">Cot\u00e9 shopping, Tokyo connait une grande r\u00e9putation dans ce domaine! Vous pouvez choisir soit d\u2019aller aux \u00e9l\u00e9gantes boutiques de Ginza, soit aux boutiques des tendances \u00e0 <strong>Shibuya<\/strong> et <strong>Shinjiku<\/strong>, ou bien vous pr\u00e9f\u00e9riez se concentrer sur les magasins qui se trouvent dans le grand centre commercial de <strong>Roppongi Hills<\/strong> (\u516d\u672c\u6728).<\/p>\n<p style=\"text-align: justify;\"><a onclick=\"javascript:pageTracker._trackPageview('\/downloads\/voyages-japon\/wp-content\/uploads\/2015\/06\/Shibuya.jpg');\"  href=\"https:\/\/travelsun.jp\/voyages-japon\/wp-content\/uploads\/2015\/06\/Shibuya.jpg\"><img loading=\"lazy\" decoding=\"async\" class=\" size-medium wp-image-192 aligncenter\" src=\"https:\/\/travelsun.jp\/voyages-japon\/wp-content\/uploads\/2015\/06\/Shibuya-300x200.jpg\" alt=\"Shibuya\" width=\"300\" height=\"200\" srcset=\"https:\/\/travelsun.jp\/voyages-japon\/wp-content\/uploads\/2015\/06\/Shibuya-300x200.jpg 300w, https:\/\/travelsun.jp\/voyages-japon\/wp-content\/uploads\/2015\/06\/Shibuya.jpg 500w\" sizes=\"auto, (max-width: 300px) 100vw, 300px\" \/><\/a><br \/>\n<a onclick=\"javascript:pageTracker._trackPageview('\/downloads\/voyages-japon\/wp-content\/uploads\/2015\/06\/Roppongi-Hills-Shopping-Arcade.jpg');\"  href=\"https:\/\/travelsun.jp\/voyages-japon\/wp-content\/uploads\/2015\/06\/Roppongi-Hills-Shopping-Arcade.jpg\"><img loading=\"lazy\" decoding=\"async\" class=\"  wp-image-191 aligncenter\" src=\"https:\/\/travelsun.jp\/voyages-japon\/wp-content\/uploads\/2015\/06\/Roppongi-Hills-Shopping-Arcade-300x225.jpg\" alt=\"Roppongi Hills - Shopping Arcade\" width=\"292\" height=\"219\" srcset=\"https:\/\/travelsun.jp\/voyages-japon\/wp-content\/uploads\/2015\/06\/Roppongi-Hills-Shopping-Arcade-300x225.jpg 300w, https:\/\/travelsun.jp\/voyages-japon\/wp-content\/uploads\/2015\/06\/Roppongi-Hills-Shopping-Arcade-174x131.jpg 174w, https:\/\/travelsun.jp\/voyages-japon\/wp-content\/uploads\/2015\/06\/Roppongi-Hills-Shopping-Arcade-70x53.jpg 70w, https:\/\/travelsun.jp\/voyages-japon\/wp-content\/uploads\/2015\/06\/Roppongi-Hills-Shopping-Arcade.jpg 500w\" sizes=\"auto, (max-width: 292px) 100vw, 292px\" \/><\/a><\/p>\n<p style=\"text-align: justify;\">Sans oublier, le march\u00e9 de poissons de <strong>Tsukiji<\/strong> (\u7bc9\u5730) qui constitue le principal march\u00e9 aux poissons de Tokyo et le plus grand march\u00e9 du gros du monde pour les poissons et les fruits de mer. L\u00e0-bas, vous pourriez passer un meilleur moment en ayant un petit d\u00e9jeuner de Sushi dans l\u2019un des nombreux petits restaurants locaux.<\/p>\n<p style=\"text-align: justify;\"><a onclick=\"javascript:pageTracker._trackPageview('\/downloads\/voyages-japon\/wp-content\/uploads\/2015\/06\/Tsukiji_Fish_market1.jpg');\"  href=\"https:\/\/travelsun.jp\/voyages-japon\/wp-content\/uploads\/2015\/06\/Tsukiji_Fish_market1.jpg\"><img loading=\"lazy\" decoding=\"async\" class=\" size-medium wp-image-195 aligncenter\" src=\"https:\/\/travelsun.jp\/voyages-japon\/wp-content\/uploads\/2015\/06\/Tsukiji_Fish_market1-300x225.jpg\" alt=\"Tsukiji_Fish_market\" width=\"300\" height=\"225\" srcset=\"https:\/\/travelsun.jp\/voyages-japon\/wp-content\/uploads\/2015\/06\/Tsukiji_Fish_market1-300x225.jpg 300w, https:\/\/travelsun.jp\/voyages-japon\/wp-content\/uploads\/2015\/06\/Tsukiji_Fish_market1-174x131.jpg 174w, https:\/\/travelsun.jp\/voyages-japon\/wp-content\/uploads\/2015\/06\/Tsukiji_Fish_market1-70x53.jpg 70w, https:\/\/travelsun.jp\/voyages-japon\/wp-content\/uploads\/2015\/06\/Tsukiji_Fish_market1.jpg 500w\" sizes=\"auto, (max-width: 300px) 100vw, 300px\" \/><\/a><\/p>\n<p style=\"text-align: justify;\">Avec le m\u00e9tro de Tokyo, vous pourriez visiter facilement la m\u00e9tropole. Il se peut que vous ayez peur au d\u00e9but en voyant le plan\u00a0! Mais sachiez qu\u2019il existe une ligne ferroviaire; nomm\u00e9e <strong>Ligne Yamanote<\/strong> qui desserte les sites les plus touristiques de la ville.<\/p>\n<p style=\"text-align: justify;\"><strong><a onclick=\"javascript:pageTracker._trackPageview('\/downloads\/voyages-japon\/wp-content\/uploads\/2015\/06\/ligne-yamanote.jpg');\"  href=\"https:\/\/travelsun.jp\/voyages-japon\/wp-content\/uploads\/2015\/06\/ligne-yamanote.jpg\"><img loading=\"lazy\" decoding=\"async\" class=\" size-medium wp-image-194 aligncenter\" src=\"https:\/\/travelsun.jp\/voyages-japon\/wp-content\/uploads\/2015\/06\/ligne-yamanote-300x225.jpg\" alt=\"ligne yamanote\" width=\"300\" height=\"225\" srcset=\"https:\/\/travelsun.jp\/voyages-japon\/wp-content\/uploads\/2015\/06\/ligne-yamanote-300x225.jpg 300w, https:\/\/travelsun.jp\/voyages-japon\/wp-content\/uploads\/2015\/06\/ligne-yamanote-174x131.jpg 174w, https:\/\/travelsun.jp\/voyages-japon\/wp-content\/uploads\/2015\/06\/ligne-yamanote-70x53.jpg 70w, https:\/\/travelsun.jp\/voyages-japon\/wp-content\/uploads\/2015\/06\/ligne-yamanote.jpg 500w\" sizes=\"auto, (max-width: 300px) 100vw, 300px\" \/><\/a><\/strong><\/p>\n<h2 style=\"text-align: justify;\">La carte de Tokyo<\/h2>\n<p><iframe loading=\"lazy\" src=\"https:\/\/www.google.com\/maps\/d\/embed?mid=zNKwEVpidbYI.kaUlKMg7VxDU\" width=\"640\" height=\"480\"><\/iframe><\/p>\n","protected":false},"excerpt":{"rendered":"<p>En japonais,\u00a0le nom de la [&hellip;]<\/p>\n","protected":false},"author":1,"featured_media":0,"parent":0,"menu_order":0,"comment_status":"open","ping_status":"open","template":"","meta":{"footnotes":""},"class_list":["post-203","page","type-page","status-publish","hentry"],"aioseo_notices":[],"_links":{"self":[{"href":"https:\/\/travelsun.jp\/voyages-japon\/index.php?rest_route=\/wp\/v2\/pages\/203","targetHints":{"allow":["GET"]}}],"collection":[{"href":"https:\/\/travelsun.jp\/voyages-japon\/index.php?rest_route=\/wp\/v2\/pages"}],"about":[{"href":"https:\/\/travelsun.jp\/voyages-japon\/index.php?rest_route=\/wp\/v2\/types\/page"}],"author":[{"embeddable":true,"href":"https:\/\/travelsun.jp\/voyages-japon\/index.php?rest_route=\/wp\/v2\/users\/1"}],"replies":[{"embeddable":true,"href":"https:\/\/travelsun.jp\/voyages-japon\/index.php?rest_route=%2Fwp%2Fv2%2Fcomments&post=203"}],"version-history":[{"count":20,"href":"https:\/\/travelsun.jp\/voyages-japon\/index.php?rest_route=\/wp\/v2\/pages\/203\/revisions"}],"predecessor-version":[{"id":390,"href":"https:\/\/travelsun.jp\/voyages-japon\/index.php?rest_route=\/wp\/v2\/pages\/203\/revisions\/390"}],"wp:attachment":[{"href":"https:\/\/travelsun.jp\/voyages-japon\/index.php?rest_route=%2Fwp%2Fv2%2Fmedia&parent=203"}],"curies":[{"name":"wp","href":"https:\/\/api.w.org\/{rel}","templated":true}]}}