{"id":311,"date":"2015-06-17T19:02:34","date_gmt":"2015-06-17T10:02:34","guid":{"rendered":"http:\/\/travelsun.jp\/voyages-japon\/?page_id=311"},"modified":"2015-07-20T20:18:30","modified_gmt":"2015-07-20T11:18:30","slug":"kobe","status":"publish","type":"page","link":"https:\/\/travelsun.jp\/voyages-japon\/?page_id=311","title":{"rendered":"Kobe"},"content":{"rendered":"<p style=\"text-align: justify;\">En Japonais, le nom de la ville s\u2019\u00e9crit \u795e\u6238.<\/p>\n<p style=\"text-align: justify;\"><strong>Kobe<\/strong> est la capitale de la pr\u00e9fecture\u00a0<strong>Hy\u014dgo<\/strong> et le grand port international. En effet, ce port est le deuxi\u00e8me port de commerce du Japon. C\u2019est \u00e9galement un excellent endroit pour effectuer des promenades dans son parc Meriken et faire des croisi\u00e8res sur la baie. Il y a aussi la tour \u00ab\u00a0<strong>Port Tower<\/strong>\u00a0\u00bb ayant 108 m\u00e8tres d\u2019hauteur et qui offre une belle vue panoramique sur la ville.<\/p>\n<p><a onclick=\"javascript:pageTracker._trackPageview('\/downloads\/voyages-japon\/wp-content\/uploads\/2015\/06\/Port_of_Kobe02s4100.jpg');\"  href=\"https:\/\/travelsun.jp\/voyages-japon\/wp-content\/uploads\/2015\/06\/Port_of_Kobe02s4100.jpg\"><img loading=\"lazy\" decoding=\"async\" class=\"size-medium wp-image-462 aligncenter\" src=\"https:\/\/travelsun.jp\/voyages-japon\/wp-content\/uploads\/2015\/06\/Port_of_Kobe02s4100-300x127.jpg\" alt=\"SONY DSC\" width=\"300\" height=\"127\" srcset=\"https:\/\/travelsun.jp\/voyages-japon\/wp-content\/uploads\/2015\/06\/Port_of_Kobe02s4100-300x127.jpg 300w, https:\/\/travelsun.jp\/voyages-japon\/wp-content\/uploads\/2015\/06\/Port_of_Kobe02s4100-620x264.jpg 620w, https:\/\/travelsun.jp\/voyages-japon\/wp-content\/uploads\/2015\/06\/Port_of_Kobe02s4100.jpg 700w\" sizes=\"auto, (max-width: 300px) 100vw, 300px\" \/><\/a><\/p>\n<p><a onclick=\"javascript:pageTracker._trackPageview('\/downloads\/voyages-japon\/wp-content\/uploads\/2015\/06\/Kobe_port_tower_01.jpg');\"  href=\"https:\/\/travelsun.jp\/voyages-japon\/wp-content\/uploads\/2015\/06\/Kobe_port_tower_01.jpg\"><img loading=\"lazy\" decoding=\"async\" class=\" size-medium wp-image-463 aligncenter\" src=\"https:\/\/travelsun.jp\/voyages-japon\/wp-content\/uploads\/2015\/06\/Kobe_port_tower_01-225x300.jpg\" alt=\"Kobe_port_tower_01\" width=\"225\" height=\"300\" srcset=\"https:\/\/travelsun.jp\/voyages-japon\/wp-content\/uploads\/2015\/06\/Kobe_port_tower_01-225x300.jpg 225w, https:\/\/travelsun.jp\/voyages-japon\/wp-content\/uploads\/2015\/06\/Kobe_port_tower_01.jpg 500w\" sizes=\"auto, (max-width: 225px) 100vw, 225px\" \/><\/a><\/p>\n<p style=\"text-align: justify;\">Kobe est surtout connu par son l\u00e9gendaire b\u0153uf. En effet, \u00ab\u00a0<strong>Kobe B\u0153uf<\/strong>\u00bb est le plus fin b\u0153uf au Japon. Il est devenu surtout populaire au pr\u00e8s des r\u00e9sidents \u00e9trangers apr\u00e8s l\u2019ouverture de port de Kobe. Cet unique et doux gout de b\u0153uf, aussi appel\u00e9 \u00ab\u00a0<strong>Shimofuri<\/strong>\u00a0\u00bb (b\u0153uf marbr\u00e9), il est aujourd\u2019hui tr\u00e8s bien connu au niveau national et international.<\/p>\n<p><a onclick=\"javascript:pageTracker._trackPageview('\/downloads\/voyages-japon\/wp-content\/uploads\/2015\/06\/Sliced_Matsusaka_wagyu_beef.jpg');\"  href=\"https:\/\/travelsun.jp\/voyages-japon\/wp-content\/uploads\/2015\/06\/Sliced_Matsusaka_wagyu_beef.jpg\"><img loading=\"lazy\" decoding=\"async\" class=\" size-medium wp-image-464 aligncenter\" src=\"https:\/\/travelsun.jp\/voyages-japon\/wp-content\/uploads\/2015\/06\/Sliced_Matsusaka_wagyu_beef-300x199.jpg\" alt=\"Sliced_Matsusaka_wagyu_beef\" width=\"300\" height=\"199\" srcset=\"https:\/\/travelsun.jp\/voyages-japon\/wp-content\/uploads\/2015\/06\/Sliced_Matsusaka_wagyu_beef-300x199.jpg 300w, https:\/\/travelsun.jp\/voyages-japon\/wp-content\/uploads\/2015\/06\/Sliced_Matsusaka_wagyu_beef.jpg 700w\" sizes=\"auto, (max-width: 300px) 100vw, 300px\" \/><\/a><\/p>\n<p style=\"text-align: justify;\">Elle est aussi connue sous le nom de \u00ab\u00a0<strong>La ville de perles<\/strong>\u00a0\u00bb \u00e0 cause de ses magnifiques paysages et sa beaut\u00e9 naturelle abondante int\u00e9grant \u00e0 la fois la mer et les montagnes. L\u2019autre raison, est parce que Kobe est \u00e9galement connu pour son commerce de perles.<\/p>\n<p><a onclick=\"javascript:pageTracker._trackPageview('\/downloads\/voyages-japon\/wp-content\/uploads\/2015\/06\/feature02-08.jpg');\"  href=\"https:\/\/travelsun.jp\/voyages-japon\/wp-content\/uploads\/2015\/06\/feature02-08.jpg\"><img loading=\"lazy\" decoding=\"async\" class=\" size-medium wp-image-465 aligncenter\" src=\"https:\/\/travelsun.jp\/voyages-japon\/wp-content\/uploads\/2015\/06\/feature02-08-300x224.jpg\" alt=\"feature02-08\" width=\"300\" height=\"224\" srcset=\"https:\/\/travelsun.jp\/voyages-japon\/wp-content\/uploads\/2015\/06\/feature02-08-300x224.jpg 300w, https:\/\/travelsun.jp\/voyages-japon\/wp-content\/uploads\/2015\/06\/feature02-08-174x131.jpg 174w, https:\/\/travelsun.jp\/voyages-japon\/wp-content\/uploads\/2015\/06\/feature02-08-70x53.jpg 70w, https:\/\/travelsun.jp\/voyages-japon\/wp-content\/uploads\/2015\/06\/feature02-08.jpg 500w\" sizes=\"auto, (max-width: 300px) 100vw, 300px\" \/><\/a><\/p>\n<p style=\"text-align: justify;\">A proximit\u00e9 de cette grande ville commer\u00e7ante se trouvent de magnifiques paysages naturels, \u00e0 commencer par le <strong>mont Rokko<\/strong> dont l\u2019eau min\u00e9rale est c\u00e9l\u00e8bre dans tous le Japon. Mais il est surtout pour la splendide vue qu\u2019on a de son sommet sur la ville Kobe. Elle est r\u00e9put\u00e9e pour \u00eatre parmi les plus belles vues de nuit du monde.<\/p>\n<p><a onclick=\"javascript:pageTracker._trackPageview('\/downloads\/voyages-japon\/wp-content\/uploads\/2015\/06\/mt-rokko.jpg');\"  href=\"https:\/\/travelsun.jp\/voyages-japon\/wp-content\/uploads\/2015\/06\/mt-rokko.jpg\"><img loading=\"lazy\" decoding=\"async\" class=\" size-medium wp-image-467 aligncenter\" src=\"https:\/\/travelsun.jp\/voyages-japon\/wp-content\/uploads\/2015\/06\/mt-rokko-300x200.jpg\" alt=\"mt rokko\" width=\"300\" height=\"200\" srcset=\"https:\/\/travelsun.jp\/voyages-japon\/wp-content\/uploads\/2015\/06\/mt-rokko-300x200.jpg 300w, https:\/\/travelsun.jp\/voyages-japon\/wp-content\/uploads\/2015\/06\/mt-rokko.jpg 700w\" sizes=\"auto, (max-width: 300px) 100vw, 300px\" \/><\/a><\/p>\n<p style=\"text-align: justify;\">De l\u2019autre cot\u00e9 du mont Rokko, vous allez trouver <strong>Arima Onsen<\/strong> qui est la plus ancienne station thermale du Japon. Cette station thermale contient une grande quantit\u00e9 de fer et de sel qui sert comme un rem\u00e8de contre les troubles digestifs et les rhumatismes.<\/p>\n<p><a onclick=\"javascript:pageTracker._trackPageview('\/downloads\/voyages-japon\/wp-content\/uploads\/2015\/06\/Arima_Onsen_Yumotozaka01s3200.jpg');\"  href=\"https:\/\/travelsun.jp\/voyages-japon\/wp-content\/uploads\/2015\/06\/Arima_Onsen_Yumotozaka01s3200.jpg\"><img loading=\"lazy\" decoding=\"async\" class=\"size-medium wp-image-468 aligncenter\" src=\"https:\/\/travelsun.jp\/voyages-japon\/wp-content\/uploads\/2015\/06\/Arima_Onsen_Yumotozaka01s3200-300x201.jpg\" alt=\"SONY DSC\" width=\"300\" height=\"201\" srcset=\"https:\/\/travelsun.jp\/voyages-japon\/wp-content\/uploads\/2015\/06\/Arima_Onsen_Yumotozaka01s3200-300x201.jpg 300w, https:\/\/travelsun.jp\/voyages-japon\/wp-content\/uploads\/2015\/06\/Arima_Onsen_Yumotozaka01s3200.jpg 700w\" sizes=\"auto, (max-width: 300px) 100vw, 300px\" \/><\/a><\/p>\n<p style=\"text-align: justify;\">Les quartiers <strong>Maiko<\/strong> and <strong>Suma<\/strong> sont des quartiers historiques dont lesquels vous allez trouver plusieurs sites historiques tels que les anciens champs de bataille qui sont toujours l\u00e0. Aussi, ces deux r\u00e9gions sont connues comme autant des stations baln\u00e9aires, o\u00f9 plusieurs gens viennent pour se baigner ou bien se profiter des sports marins durant l\u2019\u00e9t\u00e9.<\/p>\n<p><a onclick=\"javascript:pageTracker._trackPageview('\/downloads\/voyages-japon\/wp-content\/uploads\/2015\/06\/1024px-Sumadera_Niomon.jpg');\"  href=\"https:\/\/travelsun.jp\/voyages-japon\/wp-content\/uploads\/2015\/06\/1024px-Sumadera_Niomon.jpg\"><img loading=\"lazy\" decoding=\"async\" class=\" size-medium wp-image-470 aligncenter\" src=\"https:\/\/travelsun.jp\/voyages-japon\/wp-content\/uploads\/2015\/06\/1024px-Sumadera_Niomon-300x225.jpg\" alt=\"1024px-Sumadera_Niomon\" width=\"300\" height=\"225\" srcset=\"https:\/\/travelsun.jp\/voyages-japon\/wp-content\/uploads\/2015\/06\/1024px-Sumadera_Niomon-300x225.jpg 300w, https:\/\/travelsun.jp\/voyages-japon\/wp-content\/uploads\/2015\/06\/1024px-Sumadera_Niomon-174x131.jpg 174w, https:\/\/travelsun.jp\/voyages-japon\/wp-content\/uploads\/2015\/06\/1024px-Sumadera_Niomon-70x53.jpg 70w, https:\/\/travelsun.jp\/voyages-japon\/wp-content\/uploads\/2015\/06\/1024px-Sumadera_Niomon.jpg 700w\" sizes=\"auto, (max-width: 300px) 100vw, 300px\" \/><\/a><\/p>\n<p style=\"text-align: justify;\">Dans le quartier Maiko, il y a le pont <strong>Akashi Kaikyo<\/strong> qui est le plus long pont suspendu du monde ayant une longueur de 3\u00a0911.1 m\u00e8tres et qui relie le quartier de Maiko \u00e0 Kobe et l\u2019ile <strong>Awaji<\/strong>. La vue sur ce pont est particuli\u00e8rement int\u00e9ressante la nuit avec ses illuminations changeantes.<\/p>\n<p><a onclick=\"javascript:pageTracker._trackPageview('\/downloads\/voyages-japon\/wp-content\/uploads\/2015\/06\/akashi2.jpg');\"  href=\"https:\/\/travelsun.jp\/voyages-japon\/wp-content\/uploads\/2015\/06\/akashi2.jpg\"><img loading=\"lazy\" decoding=\"async\" class=\" size-medium wp-image-469 aligncenter\" src=\"https:\/\/travelsun.jp\/voyages-japon\/wp-content\/uploads\/2015\/06\/akashi2-300x221.jpg\" alt=\"akashi2\" width=\"300\" height=\"221\" srcset=\"https:\/\/travelsun.jp\/voyages-japon\/wp-content\/uploads\/2015\/06\/akashi2-300x221.jpg 300w, https:\/\/travelsun.jp\/voyages-japon\/wp-content\/uploads\/2015\/06\/akashi2-70x53.jpg 70w, https:\/\/travelsun.jp\/voyages-japon\/wp-content\/uploads\/2015\/06\/akashi2.jpg 380w\" sizes=\"auto, (max-width: 300px) 100vw, 300px\" \/><\/a><\/p>\n","protected":false},"excerpt":{"rendered":"<p>En Japonais, le nom de la [&hellip;]<\/p>\n","protected":false},"author":1,"featured_media":0,"parent":0,"menu_order":0,"comment_status":"open","ping_status":"open","template":"","meta":{"footnotes":""},"class_list":["post-311","page","type-page","status-publish","hentry"],"aioseo_notices":[],"_links":{"self":[{"href":"https:\/\/travelsun.jp\/voyages-japon\/index.php?rest_route=\/wp\/v2\/pages\/311","targetHints":{"allow":["GET"]}}],"collection":[{"href":"https:\/\/travelsun.jp\/voyages-japon\/index.php?rest_route=\/wp\/v2\/pages"}],"about":[{"href":"https:\/\/travelsun.jp\/voyages-japon\/index.php?rest_route=\/wp\/v2\/types\/page"}],"author":[{"embeddable":true,"href":"https:\/\/travelsun.jp\/voyages-japon\/index.php?rest_route=\/wp\/v2\/users\/1"}],"replies":[{"embeddable":true,"href":"https:\/\/travelsun.jp\/voyages-japon\/index.php?rest_route=%2Fwp%2Fv2%2Fcomments&post=311"}],"version-history":[{"count":8,"href":"https:\/\/travelsun.jp\/voyages-japon\/index.php?rest_route=\/wp\/v2\/pages\/311\/revisions"}],"predecessor-version":[{"id":476,"href":"https:\/\/travelsun.jp\/voyages-japon\/index.php?rest_route=\/wp\/v2\/pages\/311\/revisions\/476"}],"wp:attachment":[{"href":"https:\/\/travelsun.jp\/voyages-japon\/index.php?rest_route=%2Fwp%2Fv2%2Fmedia&parent=311"}],"curies":[{"name":"wp","href":"https:\/\/api.w.org\/{rel}","templated":true}]}}