{"id":441,"date":"2015-07-15T19:01:37","date_gmt":"2015-07-15T10:01:37","guid":{"rendered":"http:\/\/travelsun.jp\/voyages-japon\/?page_id=441"},"modified":"2015-07-15T19:32:09","modified_gmt":"2015-07-15T10:32:09","slug":"okinawa","status":"publish","type":"page","link":"https:\/\/travelsun.jp\/voyages-japon\/?page_id=441","title":{"rendered":"Okinawa"},"content":{"rendered":"<p style=\"text-align: justify;\">En japonais,\u00a0le nom de la ville s\u2019\u00e9crit\u00a0\u6c96\u7e04<\/p>\n<p style=\"text-align: justify;\">L\u2019\u00eele <strong>Okinawa<\/strong> est l\u2019\u00eele principale de l\u2019archipel Okinawa et de l\u2019archipel des \u00eeles <strong>Ry\u016bky\u016b<\/strong>. Sa superficie est 1 201 km\u00b2 et sa ville principale est <strong>Naha<\/strong> qui est la capitale de la pr\u00e9fecture.<\/p>\n<p style=\"text-align: justify;\">Okinawa est une \u00eele populaire aupr\u00e8s des touristes Japonais ainsi que les \u00e9trangers, car elle offre un climat subtropical agr\u00e9able et une culture traditionnelle unique, un peu diff\u00e9rente du reste de Japon.<\/p>\n<p style=\"text-align: justify;\">En effet, la culture d\u2019Okinawa est en faite un m\u00e9lange de cultures Chinoise et Japonaise, ayant de nombreuses sp\u00e9cifi\u00e9s, notamment au niveau de la musique et de la nourriture. En plus de leur langue nationale, les Okinawaiens ont \u00e9galement leur propre langue locale.<\/p>\n<p style=\"text-align: justify;\">Okinawa est une destination digne d\u2019int\u00e9r\u00eat. Cot\u00e9 histoire et culture, cette partie du pays n\u2019a pas grand-chose de Japonais. Mais si vous \u00eates un amateur de bains de soleil, de sport nautiques et de vie au grand air, Okinawa est l\u2019id\u00e9al endroit pour \u00e7a.<\/p>\n<p style=\"text-align: justify;\"><a onclick=\"javascript:pageTracker._trackPageview('\/downloads\/voyages-japon\/wp-content\/uploads\/2015\/07\/06_Okinawa_Japan_Beach.jpg');\"  href=\"https:\/\/travelsun.jp\/voyages-japon\/wp-content\/uploads\/2015\/07\/06_Okinawa_Japan_Beach.jpg\"><img loading=\"lazy\" decoding=\"async\" class=\" size-medium wp-image-450 aligncenter\" src=\"https:\/\/travelsun.jp\/voyages-japon\/wp-content\/uploads\/2015\/07\/06_Okinawa_Japan_Beach-300x300.jpg\" alt=\"06_Okinawa_Japan_Beach\" width=\"300\" height=\"300\" srcset=\"https:\/\/travelsun.jp\/voyages-japon\/wp-content\/uploads\/2015\/07\/06_Okinawa_Japan_Beach-300x300.jpg 300w, https:\/\/travelsun.jp\/voyages-japon\/wp-content\/uploads\/2015\/07\/06_Okinawa_Japan_Beach-150x150.jpg 150w, https:\/\/travelsun.jp\/voyages-japon\/wp-content\/uploads\/2015\/07\/06_Okinawa_Japan_Beach.jpg 700w\" sizes=\"auto, (max-width: 300px) 100vw, 300px\" \/><\/a><\/p>\n<p style=\"text-align: justify;\">La plong\u00e9e sous-marine dans les r\u00e9cifs coralliens de la mer propre d&#8217;Okinawa est excellente. En effet, les eaux de la mer d\u2019Okinawa figurent parmi les plus limpides au monde contenant des poissons tropicaux multicolores dans un d\u00e9cor envoutant dont la magnificence fait r\u00eaver les plongeurs du monde entier. Le d\u00e9butant pourra y faire ses premi\u00e8res plong\u00e9es accompagn\u00e9 d\u2019un instructeur diligent. Mais si vous \u00e9t\u00e9 un plongeur certifi\u00e9, vous allez trouvez des zones de plong\u00e9es de niveau international par exemple au environ de l\u2019archipel <strong>Kerama<\/strong>. La p\u00eache est aussi populaire que la plong\u00e9e, qu\u2019on peut le pratiquer tout au long de l\u2019ann\u00e9e.<\/p>\n<p style=\"text-align: justify;\"><a onclick=\"javascript:pageTracker._trackPageview('\/downloads\/voyages-japon\/wp-content\/uploads\/2015\/07\/ile_miyako.jpg');\"  href=\"https:\/\/travelsun.jp\/voyages-japon\/wp-content\/uploads\/2015\/07\/ile_miyako.jpg\"><img loading=\"lazy\" decoding=\"async\" class=\" wp-image-448 size-content aligncenter\" src=\"https:\/\/travelsun.jp\/voyages-japon\/wp-content\/uploads\/2015\/07\/ile_miyako-620x264.jpg\" alt=\"ile_miyako\" width=\"620\" height=\"264\" \/><\/a><\/p>\n<p style=\"text-align: justify;\">Okinawa est un patrimoine mondial qui regorge de l\u00e9gendes. Vous pouvez d\u00e9couvrir les racines d\u2019Okinawa en visitant les vestiges du Royaumes des Ry\u016bky\u016b. Par exemple, il y a le ch\u00e2teau de <strong>Shuri<\/strong> qui est un axe des activit\u00e9s politiques, diplomatiques et culturelles du Royaume des Ry\u016bky\u016b. A l\u2019int\u00e9rieur du ch\u00e2teau, on peut remarquer la visibilit\u00e9 des influences Japonaise et Chinoises dans les formes architecturales et dans le choix de couleurs. On remarque aussi la pr\u00e9sence des statues de lion \u00e0 la porte du ch\u00e2teau, nomm\u00e9es \u00ab <strong>Sh\u012bs\u0101<\/strong> \u00bb qui prot\u00e8ge le ch\u00e2teau contre les mauvais esprits.<\/p>\n<p><a onclick=\"javascript:pageTracker._trackPageview('\/downloads\/voyages-japon\/wp-content\/uploads\/2015\/07\/Naha_Shuri_Castle51s3s4200.jpg');\"  href=\"https:\/\/travelsun.jp\/voyages-japon\/wp-content\/uploads\/2015\/07\/Naha_Shuri_Castle51s3s4200.jpg\"><img loading=\"lazy\" decoding=\"async\" class=\"wp-image-444 size-medium aligncenter\" src=\"https:\/\/travelsun.jp\/voyages-japon\/wp-content\/uploads\/2015\/07\/Naha_Shuri_Castle51s3s4200-300x200.jpg\" alt=\"SONY DSC\" width=\"300\" height=\"200\" srcset=\"https:\/\/travelsun.jp\/voyages-japon\/wp-content\/uploads\/2015\/07\/Naha_Shuri_Castle51s3s4200-300x200.jpg 300w, https:\/\/travelsun.jp\/voyages-japon\/wp-content\/uploads\/2015\/07\/Naha_Shuri_Castle51s3s4200.jpg 700w\" sizes=\"auto, (max-width: 300px) 100vw, 300px\" \/><\/a><\/p>\n<p style=\"text-align: justify;\"><a onclick=\"javascript:pageTracker._trackPageview('\/downloads\/voyages-japon\/wp-content\/uploads\/2015\/07\/Shisa_-_stone_guardian_dogs.jpg');\"  href=\"https:\/\/travelsun.jp\/voyages-japon\/wp-content\/uploads\/2015\/07\/Shisa_-_stone_guardian_dogs.jpg\"><img loading=\"lazy\" decoding=\"async\" class=\" wp-image-445 size-medium aligncenter\" src=\"https:\/\/travelsun.jp\/voyages-japon\/wp-content\/uploads\/2015\/07\/Shisa_-_stone_guardian_dogs-300x200.jpg\" alt=\"Shisa_-_stone_guardian_dogs\" width=\"300\" height=\"200\" srcset=\"https:\/\/travelsun.jp\/voyages-japon\/wp-content\/uploads\/2015\/07\/Shisa_-_stone_guardian_dogs-300x200.jpg 300w, https:\/\/travelsun.jp\/voyages-japon\/wp-content\/uploads\/2015\/07\/Shisa_-_stone_guardian_dogs.jpg 800w\" sizes=\"auto, (max-width: 300px) 100vw, 300px\" \/><\/a><\/p>\n<p style=\"text-align: justify;\">Okinawa est un paradis de shopping, avec ses boutiques hors-taxe et ses magasins d\u2019usine, vous allez trouvez toutes sortes de produits que ce soit des produits de luxe ou bien des produits bon march\u00e9.\u00a0Je vous recommande d\u2019aller visiter les boutiques des galeries couvertes <strong>Ichiba-dori<\/strong> et <strong>Heiwa-dori<\/strong> \u00e9voquent plus un bazar asiatique.<\/p>\n<p style=\"text-align: justify;\"><a onclick=\"javascript:pageTracker._trackPageview('\/downloads\/voyages-japon\/wp-content\/uploads\/2015\/07\/Heiwa-dori-Okinawa.jpg');\"  href=\"https:\/\/travelsun.jp\/voyages-japon\/wp-content\/uploads\/2015\/07\/Heiwa-dori-Okinawa.jpg\"><img loading=\"lazy\" decoding=\"async\" class=\" size-medium wp-image-447 aligncenter\" src=\"https:\/\/travelsun.jp\/voyages-japon\/wp-content\/uploads\/2015\/07\/Heiwa-dori-Okinawa-300x200.jpg\" alt=\"Heiwa-dori-Okinawa\" width=\"300\" height=\"200\" srcset=\"https:\/\/travelsun.jp\/voyages-japon\/wp-content\/uploads\/2015\/07\/Heiwa-dori-Okinawa-300x200.jpg 300w, https:\/\/travelsun.jp\/voyages-japon\/wp-content\/uploads\/2015\/07\/Heiwa-dori-Okinawa.jpg 700w\" sizes=\"auto, (max-width: 300px) 100vw, 300px\" \/><\/a><\/p>\n","protected":false},"excerpt":{"rendered":"<p>En japonais,\u00a0le nom de la [&hellip;]<\/p>\n","protected":false},"author":1,"featured_media":0,"parent":0,"menu_order":0,"comment_status":"open","ping_status":"open","template":"","meta":{"footnotes":""},"class_list":["post-441","page","type-page","status-publish","hentry"],"aioseo_notices":[],"_links":{"self":[{"href":"https:\/\/travelsun.jp\/voyages-japon\/index.php?rest_route=\/wp\/v2\/pages\/441","targetHints":{"allow":["GET"]}}],"collection":[{"href":"https:\/\/travelsun.jp\/voyages-japon\/index.php?rest_route=\/wp\/v2\/pages"}],"about":[{"href":"https:\/\/travelsun.jp\/voyages-japon\/index.php?rest_route=\/wp\/v2\/types\/page"}],"author":[{"embeddable":true,"href":"https:\/\/travelsun.jp\/voyages-japon\/index.php?rest_route=\/wp\/v2\/users\/1"}],"replies":[{"embeddable":true,"href":"https:\/\/travelsun.jp\/voyages-japon\/index.php?rest_route=%2Fwp%2Fv2%2Fcomments&post=441"}],"version-history":[{"count":5,"href":"https:\/\/travelsun.jp\/voyages-japon\/index.php?rest_route=\/wp\/v2\/pages\/441\/revisions"}],"predecessor-version":[{"id":452,"href":"https:\/\/travelsun.jp\/voyages-japon\/index.php?rest_route=\/wp\/v2\/pages\/441\/revisions\/452"}],"wp:attachment":[{"href":"https:\/\/travelsun.jp\/voyages-japon\/index.php?rest_route=%2Fwp%2Fv2%2Fmedia&parent=441"}],"curies":[{"name":"wp","href":"https:\/\/api.w.org\/{rel}","templated":true}]}}